{"id":581,"date":"2018-11-09T00:42:02","date_gmt":"2018-11-08T23:42:02","guid":{"rendered":"http:\/\/mononet.pl\/akcesoria-do-pakowania-choinek\/"},"modified":"2018-11-09T00:42:02","modified_gmt":"2018-11-08T23:42:02","slug":"akcesoria-do-pakowania-choinek","status":"publish","type":"page","link":"http:\/\/mononet.pl\/en\/akcesoria-do-pakowania-choinek\/","title":{"rendered":"AKCESORIA DO PAKOWANIA CHOINEK"},"content":{"rendered":"<div id=\"themify_builder_content-581\" data-postid=\"581\" class=\"themify_builder_content themify_builder_content-581 themify_builder\">\n\n    \n\t\t<!-- module_row -->\n\t\t<div  class=\"themify_builder_row module_row clearfix fullcover wow fadeIn fullwidth_row_container module_row_0 themify_builder_581_row module_row_581-0\" data-id=\"64271dd\">\n\t\t\t<div class=\"builder_row_cover \"><\/div>\t\t\t<div class=\"row_inner col_align_top\" >\n                                    <div  class=\"module_column tb-column col-full first tb_581_column module_column_0 module_column_581-0-0\" data-id=\"cebf0dc\" >\n                                                                <div class=\"tb-column-inner\">\n                            \n\n<!-- module text -->\n<div  id=\"text-581-0-0-0\" class=\"module module-text text-581-0-0-0  repeat  wow fadeInUp \" data-id=\"7dc693d\">\n    <!--insert-->\n    \n        <h1>AKCESORIA DO PAKOWANIA CHOINEK<\/h1>\n        <\/div>\n<!-- \/module text -->\n\n                        <\/div>\n                    \t\t<\/div>\n\t\t                                <\/div>\n                                <!-- \/row_inner -->\n                        <\/div>\n                        <!-- \/module_row -->\n\t\t\n\t\t<!-- module_row -->\n\t\t<div  class=\"themify_builder_row module_row clearfix repeat-none fullheight fullwidth_row_container module_row_1 themify_builder_581_row module_row_581-1\" data-id=\"b369d55\">\n\t\t\t\t\t\t<div class=\"row_inner col_align_top gutter-none\"   data-basecol=\"1\" data-col_tablet=\"tablet-full\" data-col_mobile=\"mobile-full\">\n                                    <div  class=\"module_column tb-column col-full first tb_581_column module_column_0 module_column_581-1-0\" data-id=\"30729b2\" >\n                                                                <div class=\"tb-column-inner\">\n                                    <div  class=\"themify_builder_sub_row module_subrow clearfix sub_row_1-0-0\" data-id=\"0340ee1\" >\n\t\t                    <div class=\"subrow_inner gutter-none col_align_middle\" >\n                                       <div  class=\"col4-2 sub_column module_column first sub_column_post_581 sub_column_1-0-0-0 best-fit-image\" > \n                                                      <\/div>\n\t\t               <div  class=\"col4-2 sub_column module_column last sub_column_post_581 sub_column_1-0-0-1 fullcover\" > \n                   <div class=\"builder_row_cover \"><\/div>                                           <div class=\"tb-column-inner\">\n                            \n\n<!-- module text -->\n<div  id=\"text-581-sub_row_1-0-0-1-0\" class=\"module module-text text-581-sub_row_1-0-0-1-0  repeat  \" data-id=\"482f27f\">\n    <!--insert-->\n    \n        <h4 style=\"text-align: center;\">Tuba do pakowania choinek T250\/1<\/h4>\n<p style=\"text-align: center;\">Szczypce TOP GRAF20 do\u00a0zaciskania r\u0119kaw\u00f3w siatkowych\u00a0oraz mocowania i naprawy lub produkcji lekkich konstrukcji drucianych, np. produkcji tapicerki samochodowej, klatek dla zwierz\u0105t, stela\u017cy dla ro\u015blin itp.Wyposa\u017cony w d\u0142ugi magazynek na zszywki OMEGA20 i DELTA22 kt\u00f3ry mo\u017cna \u0142atwo i szybko odkr\u0119ci\u0107 i u\u017cywa\u0107 zszywacza podaj\u0105c zszywki pojedynczo w trudno dost\u0119pnych miejscach.Ergonomiczny wygodny uchwyt z tworzywa u\u0142atwia d\u0142ugotrwa\u0142\u0105 prac\u0119.<\/p>\n<p style=\"text-align: center;\"><span style=\"color: #ffffff;\"><button style=\"color: #ffffff;\"><a style=\"color: #ffffff;\" href=\"https:\/\/www.siatkionline.pl\/pl\/zszywacz-do-siatki-top-graf20.html\">Sklep Online<\/a><\/button><\/span><\/p>        <\/div>\n<!-- \/module text -->\n\n                        <\/div>\n                                   <\/div>\n\t\t                    <\/div>\n                <\/div><!-- \/themify_builder_sub_row -->\n                        <div  class=\"themify_builder_sub_row module_subrow clearfix sub_row_1-0-1\" data-id=\"6366125\" >\n\t\t                    <div class=\"subrow_inner gutter-none col_align_middle\" >\n                                       <div  class=\"col4-2 sub_column module_column first sub_column_post_581 sub_column_1-0-1-0 fullcover\" > \n                                                              <div class=\"tb-column-inner\">\n                            \n\n<!-- module text -->\n<div  id=\"text-581-sub_row_1-0-1-0-0\" class=\"module module-text text-581-sub_row_1-0-1-0-0  repeat  \" data-id=\"482f27f\">\n    <!--insert-->\n    \n        <h4 style=\"text-align: center;\">KLIPSY METALOWE DO ZACISKANIA SIATKI DELTA 22<\/h4>\n<p style=\"text-align: center;\">\u00a0<\/p>\n<p>\u00a0<\/p>\n<p>\u00a0<\/p>\n<p>\u00a0<\/p>\n<p style=\"text-align: center;\"><span style=\"color: #ffffff;\"><button style=\"color: #ffffff;\"><a style=\"color: #ffffff;\" href=\"https:\/\/www.siatkionline.pl\/pl\/zszywacz-do-siatki-top-graf20.html\">Sklep Online<\/a><\/button><\/span><\/p>        <\/div>\n<!-- \/module text -->\n\n                        <\/div>\n                                   <\/div>\n\t\t               <div  class=\"col4-2 sub_column module_column last sub_column_post_581 sub_column_1-0-1-1 best-fit-image\" > \n                                                      <\/div>\n\t\t                    <\/div>\n                <\/div><!-- \/themify_builder_sub_row -->\n                        <div  class=\"themify_builder_sub_row module_subrow clearfix sub_row_1-0-2\" data-id=\"62bc652\" >\n\t\t                    <div class=\"subrow_inner gutter-none col_align_top\" >\n                                       <div  class=\"col4-2 sub_column module_column first sub_column_post_581 sub_column_1-0-2-0 best-fit-image\" > \n                                                      <\/div>\n\t\t               <div  class=\"col4-2 sub_column module_column last sub_column_post_581 sub_column_1-0-2-1 fullcover\" > \n                   <div class=\"builder_row_cover \"><\/div>                                           <div class=\"tb-column-inner\">\n                            \n\n<!-- module text -->\n<div  id=\"text-581-sub_row_1-0-2-1-0\" class=\"module module-text text-581-sub_row_1-0-2-1-0  repeat  \" data-id=\"482f27f\">\n    <!--insert-->\n    \n        <h4 style=\"text-align: center;\">ORING GUMOWY DO PRZYTRZYMYWANIA SIATKI;<\/h4>\n<p style=\"text-align: center;\">\u00a0<\/p>\n<p>\u00a0<\/p>\n<p>\u00a0<\/p>\n<p>\u00a0<\/p>\n<p style=\"text-align: center;\"><span style=\"color: #ffffff;\"><button style=\"color: #ffffff;\"><a style=\"color: #ffffff;\" href=\"https:\/\/www.siatkionline.pl\/pl\/zszywacz-do-siatki-top-graf20.html\">Sklep Online<\/a><\/button><\/span><\/p>        <\/div>\n<!-- \/module text -->\n\n                        <\/div>\n                                   <\/div>\n\t\t                    <\/div>\n                <\/div><!-- \/themify_builder_sub_row -->\n                                        <\/div>\n                    \t\t<\/div>\n\t\t                                <\/div>\n                                <!-- \/row_inner -->\n                        <\/div>\n                        <!-- \/module_row -->\n\t\t<\/div>\n","protected":false},"excerpt":{"rendered":"<p>AKCESORIA DO PAKOWANIA CHOINEK Tuba do pakowania choinek T250\/1 Szczypce TOP GRAF20 do\u00a0zaciskania r\u0119kaw\u00f3w siatkowych\u00a0oraz mocowania i naprawy lub produkcji lekkich konstrukcji drucianych, np. produkcji tapicerki samochodowej, klatek dla zwierz\u0105t, stela\u017cy dla ro\u015blin itp.Wyposa\u017cony w d\u0142ugi magazynek na zszywki OMEGA20 i DELTA22 kt\u00f3ry mo\u017cna \u0142atwo i szybko odkr\u0119ci\u0107 i u\u017cywa\u0107 zszywacza podaj\u0105c zszywki pojedynczo w [&hellip;]<\/p>\n","protected":false},"author":1,"featured_media":0,"parent":0,"menu_order":0,"comment_status":"closed","ping_status":"closed","template":"","meta":{"footnotes":""},"class_list":["post-581","page","type-page","status-publish","hentry","has-post-title","has-post-date","has-post-category","has-post-tag","has-post-comment","has-post-author",""],"_links":{"self":[{"href":"http:\/\/mononet.pl\/en\/wp-json\/wp\/v2\/pages\/581\/"}],"collection":[{"href":"http:\/\/mononet.pl\/en\/wp-json\/wp\/v2\/pages\/"}],"about":[{"href":"http:\/\/mononet.pl\/en\/wp-json\/wp\/v2\/types\/page\/"}],"author":[{"embeddable":true,"href":"http:\/\/mononet.pl\/en\/wp-json\/wp\/v2\/users\/1\/"}],"replies":[{"embeddable":true,"href":"http:\/\/mononet.pl\/en\/wp-json\/wp\/v2\/comments\/?post=581"}],"version-history":[{"count":0,"href":"http:\/\/mononet.pl\/en\/wp-json\/wp\/v2\/pages\/581\/revisions\/"}],"wp:attachment":[{"href":"http:\/\/mononet.pl\/en\/wp-json\/wp\/v2\/media\/?parent=581"}],"curies":[{"name":"wp","href":"https:\/\/api.w.org\/{rel}","templated":true}]}}